{"id":295,"date":"2026-04-15T10:09:08","date_gmt":"2026-04-15T10:09:08","guid":{"rendered":"https:\/\/webtasarim.studio\/?page_id=295"},"modified":"2026-04-22T10:27:46","modified_gmt":"2026-04-22T10:27:46","slug":"web-site-tasarimi-gelistirme","status":"publish","type":"page","link":"https:\/\/webtasarim.studio\/?page_id=295","title":{"rendered":"WEB S\u0130TE TASARIMI &amp; GEL\u0130\u015eT\u0130RME"},"content":{"rendered":"\t\t<div data-elementor-type=\"wp-page\" data-elementor-id=\"295\" class=\"elementor elementor-295\" data-elementor-post-type=\"page\">\n\t\t\t\t<div class=\"elementor-element elementor-element-cd2f741 e-con-full e-flex e-con e-parent\" data-id=\"cd2f741\" data-element_type=\"container\" data-e-type=\"container\">\n\t\t\t\t<div class=\"elementor-element elementor-element-0907db5 elementor-widget-divider--view-line elementor-widget elementor-widget-divider\" data-id=\"0907db5\" data-element_type=\"widget\" data-e-type=\"widget\" data-widget_type=\"divider.default\">\n\t\t\t\t\t\t\t<div class=\"elementor-divider\">\n\t\t\t<span class=\"elementor-divider-separator\">\n\t\t\t\t\t\t<\/span>\n\t\t<\/div>\n\t\t\t\t\t\t<\/div>\n\t\t\t\t<\/div>\n\t\t\t\t<section class=\"elementor-section elementor-top-section elementor-element elementor-element-c2b97fe elementor-section-boxed elementor-section-height-default elementor-section-height-default\" data-id=\"c2b97fe\" data-element_type=\"section\" data-e-type=\"section\">\n\t\t\t\t\t\t<div class=\"elementor-container elementor-column-gap-default\">\n\t\t\t\t\t<div class=\"elementor-column elementor-col-100 elementor-top-column elementor-element elementor-element-cff6997\" data-id=\"cff6997\" data-element_type=\"column\" data-e-type=\"column\">\n\t\t\t<div class=\"elementor-widget-wrap elementor-element-populated\">\n\t\t\t\t\t\t<div class=\"elementor-element elementor-element-711693f elementor-invisible elementor-widget elementor-widget-heading\" data-id=\"711693f\" data-element_type=\"widget\" data-e-type=\"widget\" data-settings=\"{&quot;_animation&quot;:&quot;fadeInUp&quot;}\" data-widget_type=\"heading.default\">\n\t\t\t\t\t<h1 class=\"elementor-heading-title elementor-size-default\">WEB S\u0130TE TASARIMI &amp; GEL\u0130\u015eT\u0130RME<\/h1>\t\t\t\t<\/div>\n\t\t\t\t<div class=\"elementor-element elementor-element-4b906ed elementor-widget elementor-widget-text-editor\" data-id=\"4b906ed\" data-element_type=\"widget\" data-e-type=\"widget\" data-widget_type=\"text-editor.default\">\n\t\t\t\t\t\t\t\t\t<p data-start=\"263\" data-end=\"601\"><strong>Web Site Tasar\u0131m\u0131 &amp; Geli\u015ftirme<\/strong> \u00e7al\u0131\u015fma s\u00fcrecimizi payla\u015f\u0131yoruz.<br \/><br \/><strong><br \/>1. Ara\u015ft\u0131rma ve \u00d6n Haz\u0131rl\u0131k:<br \/><br \/><\/strong><\/p><ul><li>\u0130lk olarak sekt\u00f6r\u00fcn\u00fcz\u00fc detayl\u0131 \u015fekilde analiz ediyoruz.<\/li><li>T\u00fcrkiye genelinde ve bulundu\u011funuz b\u00f6lgede sizinle ayn\u0131 alanda hizmet veren firmalar\u0131n web sitelerini inceliyoruz.<\/li><li>Ayr\u0131ca Google\u2019da sekt\u00f6r\u00fcn\u00fczle ilgili anahtar kelime ve s\u0131ralama analizi yap\u0131yoruz.<\/li><\/ul><p><br \/>Bu \u00fc\u00e7 a\u015famadan elde etti\u011fimiz verileri sizinle payla\u015f\u0131yor, projeye sa\u011flam bir temel olu\u015fturarak ba\u015fl\u0131yoruz.<\/p><p><strong><br \/><br \/>2. Ge\u00e7ici Yay\u0131n ve \u0130\u00e7erik Planlama:<\/strong><\/p><p data-start=\"918\" data-end=\"1040\"><br \/>\u00c7al\u0131\u015fma s\u00fcreci ba\u015flad\u0131\u011f\u0131nda, alan ad\u0131n\u0131za web sitenizin yap\u0131m a\u015famas\u0131nda oldu\u011funu belirten ge\u00e7ici bir tasar\u0131m uyguluyoruz.<\/p><p><br \/>Ard\u0131ndan web sitenizin i\u00e7erik kurgusunu olu\u015fturuyoruz:<br \/><br \/><\/p><ul data-start=\"1097\" data-end=\"1203\"><li data-section-id=\"1xyxrrj\" data-start=\"1097\" data-end=\"1128\">Hangi sayfalar\u0131n yer alaca\u011f\u0131,<\/li><li data-section-id=\"17wmx4z\" data-start=\"1129\" data-end=\"1171\">Her sayfada hangi b\u00f6l\u00fcmlerin bulunaca\u011f\u0131,<\/li><li data-section-id=\"59iitd\" data-start=\"1172\" data-end=\"1203\">\u0130\u00e7erik ak\u0131\u015f\u0131n\u0131n nas\u0131l olaca\u011f\u0131 gibi t\u00fcm yap\u0131y\u0131 planl\u0131yoruz.<\/li><\/ul><p data-start=\"1235\" data-end=\"1304\"><br \/>Sonras\u0131nda bu yap\u0131ya uygun bir taslak haz\u0131rlay\u0131p onay\u0131n\u0131za sunuyoruz.<\/p><p><strong><br \/><br \/>3. Tasar\u0131m ve Geli\u015ftirme S\u00fcreci:<\/strong><\/p><p data-start=\"1342\" data-end=\"1390\"><br \/>Onay\u0131n\u0131z\u0131n ard\u0131ndan tasar\u0131m a\u015famas\u0131na ge\u00e7iyoruz.<\/p><p><br \/>Bu s\u00fcre\u00e7te:<br \/><br \/><\/p><ul data-start=\"1404\" data-end=\"1673\"><li data-section-id=\"15w8lst\" data-start=\"1404\" data-end=\"1466\">Masa\u00fcst\u00fc g\u00f6r\u00fcn\u00fcm i\u00e7in 3 farkl\u0131 ana sayfa tasar\u0131m\u0131 sunuyoruz.<\/li><li data-section-id=\"x00tc4\" data-start=\"1467\" data-end=\"1550\">Be\u011fendi\u011finiz tasar\u0131m y\u00f6n\u00fc \u00fczerinden di\u011fer sayfalar\u0131 tasarl\u0131yor ve geli\u015ftiriyoruz.<\/li><li data-section-id=\"17d4x6v\" data-start=\"1551\" data-end=\"1673\">Web sitenizin masa\u00fcst\u00fc, diz\u00fcst\u00fc, tablet ve cep telefonu dahil t\u00fcm cihazlarda kusursuz responsive g\u00f6r\u00fcnmesini sa\u011fl\u0131yoruz.<\/li><\/ul><p><strong><br \/><br \/>4. Alan Ad\u0131, Hosting ve E-Posta Kurulumlar\u0131:<br \/><br \/><\/strong><\/p><ul><li>Alan ad\u0131n\u0131z\u0131 hen\u00fcz almad\u0131ysan\u0131z, alan ad\u0131 se\u00e7imi ve kay\u0131t s\u00fcrecinde size destek veriyoruz.<\/li><li>Alan ad\u0131 ve sunucu ayarlamalar\u0131n\u0131 yap\u0131yoruz.<\/li><li>Kurumsal e-posta kurulumlar\u0131n\u0131 ve gerekli yap\u0131land\u0131rmalar\u0131 ger\u00e7ekle\u015ftiriyoruz.<\/li><\/ul><p><strong><br \/><br \/>5. \u00d6l\u00e7\u00fcmleme ve Analiz Kurulumlar\u0131:<\/strong><\/p><p data-start=\"1995\" data-end=\"2106\"><br \/>Web sitenizin performans\u0131n\u0131 ve ziyaret\u00e7i hareketlerini takip edebilmeniz i\u00e7in gerekli t\u00fcm sistemleri kuruyoruz:<br \/><br \/><\/p><ul data-start=\"2108\" data-end=\"2208\"><li data-section-id=\"dakk47\" data-start=\"2108\" data-end=\"2126\">Google Analytics<\/li><li data-section-id=\"z4p48o\" data-start=\"2127\" data-end=\"2150\">Google Search Console<\/li><li data-section-id=\"1femnnk\" data-start=\"2151\" data-end=\"2171\">Google Tag Manager<\/li><li data-section-id=\"13oshp6\" data-start=\"2172\" data-end=\"2208\">Google Ads (reklam plan\u0131n\u0131z varsa)<\/li><\/ul><p data-start=\"2210\" data-end=\"2382\"><br \/>Buna ek olarak, WhatsApp butonu, telefon butonu veya sizin belirleyece\u011finiz di\u011fer \u00f6zel t\u0131klamalar\u0131n da Analytics \u00fczerinde \u00f6l\u00e7\u00fclebilmesi i\u00e7in geli\u015fmi\u015f ayarlamalar yap\u0131yoruz.<\/p><p><strong><br \/><br \/>6. G\u00f6rsel ve \u0130\u00e7erik Deste\u011fi:<br \/><br \/><\/strong><\/p><p data-start=\"2210\" data-end=\"2382\">Web sitenizde kullan\u0131lacak stok g\u00f6rselleri, firman\u0131z ad\u0131na lisansl\u0131 olarak temin ediyoruz. Lisans dosyalar\u0131n\u0131 da taraf\u0131n\u0131za iletiyoruz.<\/p><p><strong><br \/><br \/>7. Destek ve S\u00fcre\u00e7 Sonras\u0131 Hizmet:<br \/><br \/><\/strong><\/p><p data-start=\"2593\" data-end=\"2638\">Proje tamamland\u0131ktan sonra \u00fccretsiz olarak\u00a0<strong data-start=\"2620\" data-end=\"2637\">1 y\u0131l boyunca<\/strong>:<br \/><br \/><\/p><ul data-start=\"2639\" data-end=\"2699\"><li data-section-id=\"1asnyre\" data-start=\"2639\" data-end=\"2655\">Teknik destek<\/li><li data-section-id=\"1c6654g\" data-start=\"2656\" data-end=\"2664\">Bak\u0131m<\/li><li data-section-id=\"bja43e\" data-start=\"2665\" data-end=\"2678\">G\u00fcncelleme<\/li><li data-section-id=\"1boui37\" data-start=\"2679\" data-end=\"2699\">Yedekleme<\/li><\/ul><p data-start=\"2701\" data-end=\"2719\"><br \/>hizmetleri sunuyoruz.<\/p><p data-start=\"2701\" data-end=\"2719\">\u00a0<\/p><p data-start=\"2701\" data-end=\"2719\">\u00a0<\/p><p data-start=\"2701\" data-end=\"2719\"><strong>8. Hosting Altyap\u0131s\u0131:<\/strong><\/p><p data-start=\"2746\" data-end=\"2843\"><br \/>Web siteniz, T\u00fcrkiye lokasyonlu, \u00f6zel IP adresine sahip h\u0131zl\u0131 ve \u00f6zel sunucular\u0131m\u0131zda \u00fccretsiz olarak bar\u0131nd\u0131r\u0131labilir.<br \/><br \/>Sunucunun tamamen size \u00f6zel olmas\u0131n\u0131 isterseniz, bu konuda size uygun firma ve paket \u00f6nerilerinde bulunuyoruz.<br data-start=\"2955\" data-end=\"2958\" \/><br \/>Mevcut bir sunucunuz varsa ve gerekli teknik ko\u015fullar\u0131 sa\u011fl\u0131yorsa, kurulum ve t\u00fcm ayarlamalar\u0131 sizin sunucunuz \u00fczerinde de yapabiliyoruz.<\/p><p data-start=\"2746\" data-end=\"2843\">\u00a0<\/p><p data-start=\"2746\" data-end=\"2843\">\u00a0<\/p><p data-start=\"2746\" data-end=\"2843\"><strong>9. Marka \u0130ncelemesi ve Tasar\u0131m Deste\u011fi:<br \/><br \/><\/strong><\/p><p data-start=\"65\" data-end=\"383\">Projeyi yaln\u0131zca web siteniz \u00f6zelinde ele alm\u0131yoruz. Firman\u0131z\u0131 dijital d\u00fcnyada bir b\u00fct\u00fcn olarak de\u011ferlendiriyor; firman\u0131z\u0131n ve firma sahipleri\/y\u00f6neticilerinin LinkedIn ba\u015fta olmak \u00fczere herkese a\u00e7\u0131k sosyal medya hesaplar\u0131yla ilgili incelemeler ve analizler de payla\u015f\u0131yoruz.<\/p><p data-start=\"385\" data-end=\"551\"><br \/>Sosyal medya hesaplar\u0131n\u0131zda kullan\u0131lan profil ve kapak g\u00f6rsellerini kontrol ediyor, hatal\u0131 kullan\u0131m s\u00f6z konusuysa gerekli \u00f6l\u00e7\u00fclerde d\u00fczenleyerek size teslim ediyoruz.<\/p><p data-start=\"553\" data-end=\"737\"><br \/>Amac\u0131m\u0131z, \u00e7al\u0131\u015fma tamamland\u0131\u011f\u0131nda web siteniz, sosyal medya hesaplar\u0131n\u0131z ve arama motorlar\u0131ndaki g\u00f6r\u00fcn\u00fcm\u00fcn\u00fcz\u00fcn birbiriyle uyumlu, profesyonel ve g\u00fc\u00e7l\u00fc bir yap\u0131ya kavu\u015fmas\u0131n\u0131 sa\u011flamakt\u0131r.<\/p><p><strong><br \/><br \/><br \/>10. S\u00fcre\u00e7 ve \u00d6deme:<\/strong><\/p><p data-start=\"3120\" data-end=\"3224\"><br \/>Toplam \u00e7al\u0131\u015fma s\u00fcresi, projenin kapsam\u0131na ba\u011fl\u0131 olarak ortalama\u00a0<strong data-start=\"3184\" data-end=\"3200\">7 ila 14 g\u00fcn<\/strong>\u00a0aras\u0131nda de\u011fi\u015fmektedir.<\/p><p data-start=\"3120\" data-end=\"3224\">\u00a0<\/p><p data-start=\"3120\" data-end=\"3224\">\u00c7al\u0131\u015fma ba\u015flang\u0131c\u0131nda\u00a0<strong data-start=\"546\" data-end=\"571\">%50 oran\u0131nda \u00f6n \u00f6deme<\/strong> talep etmekteyiz.<\/p><p data-start=\"3120\" data-end=\"3224\">\u00a0<\/p><p data-start=\"3120\" data-end=\"3224\">Kalan \u00f6demeyi ise web sitenizin yay\u0131na al\u0131nmas\u0131n\u0131n ard\u0131ndan talep etmekteyiz.<\/p>\t\t\t\t\t\t\t\t<\/div>\n\t\t\t\t<div class=\"elementor-element elementor-element-432c904 elementor-widget__width-initial elementor-widget-laptop__width-initial jkit-equal-height-disable elementor-widget elementor-widget-jkit_icon_box\" data-id=\"432c904\" data-element_type=\"widget\" data-e-type=\"widget\" data-widget_type=\"jkit_icon_box.default\">\n\t\t\t\t\t<div  class=\"jeg-elementor-kit jkit-icon-box icon-position-top elementor-animation- jeg_module___69f9bc93300e8\" ><div class=\"jkit-icon-box-wrapper hover-from-left\"><div class=\"icon-box icon-box-header elementor-animation-\"><div class=\"icon style-color\"><\/div><\/div><div class=\"icon-box icon-box-body\">\n                <p class=\"title\">PORTFOLYO KATALO\u011eUMUZ<\/p><p class=\"icon-box-description\">G\u00fcncel (Nisan 2026) Portfolyo Katalo\u011fumuz:<\/p><div class=\"icon-box-button \">\n                <div class=\"btn-wrapper icon-position-before\">\n                    <a href=\"https:\/\/webtasarim.studio\/portfolyo-nisan-2026\" class=\"icon-box-link\" target=\"_blank\" aria-label=\"\u0130NCELEY\u0130N\">\u0130NCELEY\u0130N<\/a>\n                <\/div>\n            <\/div>\n            <\/div>\n            \n            <\/div><\/div>\t\t\t\t<\/div>\n\t\t\t\t<div class=\"elementor-element elementor-element-59c2ed6 elementor-align-left elementor-mobile-align-center elementor-widget__width-initial elementor-tablet-align-left elementor-widget elementor-widget-button\" data-id=\"59c2ed6\" data-element_type=\"widget\" data-e-type=\"widget\" data-widget_type=\"button.default\">\n\t\t\t\t\t\t\t\t\t\t<a class=\"elementor-button elementor-button-link elementor-size-sm\" href=\"https:\/\/webtasarim.studio\/\">\n\t\t\t\t\t\t<span class=\"elementor-button-content-wrapper\">\n\t\t\t\t\t\t<span class=\"elementor-button-icon\">\n\t\t\t\t<svg aria-hidden=\"true\" class=\"e-font-icon-svg e-fas-long-arrow-alt-left\" viewBox=\"0 0 448 512\" xmlns=\"http:\/\/www.w3.org\/2000\/svg\"><path d=\"M134.059 296H436c6.627 0 12-5.373 12-12v-56c0-6.627-5.373-12-12-12H134.059v-46.059c0-21.382-25.851-32.09-40.971-16.971L7.029 239.029c-9.373 9.373-9.373 24.569 0 33.941l86.059 86.059c15.119 15.119 40.971 4.411 40.971-16.971V296z\"><\/path><\/svg>\t\t\t<\/span>\n\t\t\t\t\t\t\t\t\t<span class=\"elementor-button-text\">ANA SAYFA<\/span>\n\t\t\t\t\t<\/span>\n\t\t\t\t\t<\/a>\n\t\t\t\t\t\t\t\t<\/div>\n\t\t\t\t<div class=\"elementor-element elementor-element-ee87c67 elementor-align-center elementor-widget__width-initial elementor-widget elementor-widget-button\" data-id=\"ee87c67\" data-element_type=\"widget\" data-e-type=\"widget\" data-widget_type=\"button.default\">\n\t\t\t\t\t\t\t\t\t\t<a class=\"elementor-button elementor-button-link elementor-size-sm\" href=\"https:\/\/webtasarim.studio\/hizmetlerimiz\">\n\t\t\t\t\t\t<span class=\"elementor-button-content-wrapper\">\n\t\t\t\t\t\t<span class=\"elementor-button-icon\">\n\t\t\t\t<svg aria-hidden=\"true\" class=\"e-font-icon-svg e-fas-long-arrow-alt-right\" viewBox=\"0 0 448 512\" xmlns=\"http:\/\/www.w3.org\/2000\/svg\"><path d=\"M313.941 216H12c-6.627 0-12 5.373-12 12v56c0 6.627 5.373 12 12 12h301.941v46.059c0 21.382 25.851 32.09 40.971 16.971l86.059-86.059c9.373-9.373 9.373-24.569 0-33.941l-86.059-86.059c-15.119-15.119-40.971-4.411-40.971 16.971V216z\"><\/path><\/svg>\t\t\t<\/span>\n\t\t\t\t\t\t\t\t\t<span class=\"elementor-button-text\">H\u0130ZMETLER\u0130M\u0130Z<\/span>\n\t\t\t\t\t<\/span>\n\t\t\t\t\t<\/a>\n\t\t\t\t\t\t\t\t<\/div>\n\t\t\t\t<div class=\"elementor-element elementor-element-6cca6c8 elementor-align-right elementor-widget__width-initial elementor-mobile-align-center elementor-widget elementor-widget-button\" data-id=\"6cca6c8\" data-element_type=\"widget\" data-e-type=\"widget\" data-widget_type=\"button.default\">\n\t\t\t\t\t\t\t\t\t\t<a class=\"elementor-button elementor-button-link elementor-size-sm\" href=\"https:\/\/webtasarim.studio\/linkler\">\n\t\t\t\t\t\t<span class=\"elementor-button-content-wrapper\">\n\t\t\t\t\t\t<span class=\"elementor-button-icon\">\n\t\t\t\t<svg aria-hidden=\"true\" class=\"e-font-icon-svg e-fas-long-arrow-alt-right\" viewBox=\"0 0 448 512\" xmlns=\"http:\/\/www.w3.org\/2000\/svg\"><path d=\"M313.941 216H12c-6.627 0-12 5.373-12 12v56c0 6.627 5.373 12 12 12h301.941v46.059c0 21.382 25.851 32.09 40.971 16.971l86.059-86.059c9.373-9.373 9.373-24.569 0-33.941l-86.059-86.059c-15.119-15.119-40.971-4.411-40.971 16.971V216z\"><\/path><\/svg>\t\t\t<\/span>\n\t\t\t\t\t\t\t\t\t<span class=\"elementor-button-text\">L\u0130NKLER<\/span>\n\t\t\t\t\t<\/span>\n\t\t\t\t\t<\/a>\n\t\t\t\t\t\t\t\t<\/div>\n\t\t\t\t\t<\/div>\n\t\t<\/div>\n\t\t\t\t\t<\/div>\n\t\t<\/section>\n\t\t<div class=\"elementor-element elementor-element-6642448 e-con-full e-flex e-con e-parent\" data-id=\"6642448\" data-element_type=\"container\" data-e-type=\"container\">\n\t\t\t\t<div class=\"elementor-element elementor-element-66ea1e0 elementor-widget-divider--view-line elementor-widget elementor-widget-divider\" data-id=\"66ea1e0\" data-element_type=\"widget\" data-e-type=\"widget\" data-widget_type=\"divider.default\">\n\t\t\t\t\t\t\t<div class=\"elementor-divider\">\n\t\t\t<span class=\"elementor-divider-separator\">\n\t\t\t\t\t\t<\/span>\n\t\t<\/div>\n\t\t\t\t\t\t<\/div>\n\t\t\t\t<\/div>\n\t\t\t\t<\/div>\n\t\t","protected":false},"excerpt":{"rendered":"<p>WEB S\u0130TE TASARIMI &amp; GEL\u0130\u015eT\u0130RME Web Site Tasar\u0131m\u0131 &amp; Geli\u015ftirme \u00e7al\u0131\u015fma s\u00fcrecimizi payla\u015f\u0131yoruz. 1. Ara\u015ft\u0131rma ve \u00d6n Haz\u0131rl\u0131k: \u0130lk olarak sekt\u00f6r\u00fcn\u00fcz\u00fc detayl\u0131 \u015fekilde analiz ediyoruz. T\u00fcrkiye genelinde ve bulundu\u011funuz b\u00f6lgede sizinle ayn\u0131 alanda hizmet veren firmalar\u0131n web sitelerini inceliyoruz. Ayr\u0131ca Google\u2019da sekt\u00f6r\u00fcn\u00fczle ilgili anahtar kelime ve s\u0131ralama analizi yap\u0131yoruz. Bu \u00fc\u00e7 a\u015famadan elde etti\u011fimiz verileri [&hellip;]<\/p>\n","protected":false},"author":1,"featured_media":0,"parent":0,"menu_order":0,"comment_status":"closed","ping_status":"closed","template":"","meta":{"footnotes":""},"class_list":["post-295","page","type-page","status-publish","hentry"],"_links":{"self":[{"href":"https:\/\/webtasarim.studio\/index.php?rest_route=\/wp\/v2\/pages\/295","targetHints":{"allow":["GET"]}}],"collection":[{"href":"https:\/\/webtasarim.studio\/index.php?rest_route=\/wp\/v2\/pages"}],"about":[{"href":"https:\/\/webtasarim.studio\/index.php?rest_route=\/wp\/v2\/types\/page"}],"author":[{"embeddable":true,"href":"https:\/\/webtasarim.studio\/index.php?rest_route=\/wp\/v2\/users\/1"}],"replies":[{"embeddable":true,"href":"https:\/\/webtasarim.studio\/index.php?rest_route=%2Fwp%2Fv2%2Fcomments&post=295"}],"version-history":[{"count":0,"href":"https:\/\/webtasarim.studio\/index.php?rest_route=\/wp\/v2\/pages\/295\/revisions"}],"wp:attachment":[{"href":"https:\/\/webtasarim.studio\/index.php?rest_route=%2Fwp%2Fv2%2Fmedia&parent=295"}],"curies":[{"name":"wp","href":"https:\/\/api.w.org\/{rel}","templated":true}]}}