{"id":330,"date":"2026-04-15T11:24:57","date_gmt":"2026-04-15T11:24:57","guid":{"rendered":"https:\/\/webtasarim.studio\/?page_id=330"},"modified":"2026-04-22T10:28:03","modified_gmt":"2026-04-22T10:28:03","slug":"web-site-marka-analizi","status":"publish","type":"page","link":"https:\/\/webtasarim.studio\/?page_id=330","title":{"rendered":"WEB S\u0130TE &amp; MARKA ANAL\u0130Z\u0130"},"content":{"rendered":"\t\t<div data-elementor-type=\"wp-page\" data-elementor-id=\"330\" class=\"elementor elementor-330\" data-elementor-post-type=\"page\">\n\t\t\t\t<div class=\"elementor-element elementor-element-247a004 e-con-full e-flex e-con e-parent\" data-id=\"247a004\" data-element_type=\"container\" data-e-type=\"container\">\n\t\t\t\t<div class=\"elementor-element elementor-element-a2f6053 elementor-widget-divider--view-line elementor-widget elementor-widget-divider\" data-id=\"a2f6053\" data-element_type=\"widget\" data-e-type=\"widget\" data-widget_type=\"divider.default\">\n\t\t\t\t\t\t\t<div class=\"elementor-divider\">\n\t\t\t<span class=\"elementor-divider-separator\">\n\t\t\t\t\t\t<\/span>\n\t\t<\/div>\n\t\t\t\t\t\t<\/div>\n\t\t\t\t<\/div>\n\t\t\t\t<section class=\"elementor-section elementor-top-section elementor-element elementor-element-4adae24 elementor-section-boxed elementor-section-height-default elementor-section-height-default\" data-id=\"4adae24\" data-element_type=\"section\" data-e-type=\"section\">\n\t\t\t\t\t\t<div class=\"elementor-container elementor-column-gap-default\">\n\t\t\t\t\t<div class=\"elementor-column elementor-col-100 elementor-top-column elementor-element elementor-element-95e568e\" data-id=\"95e568e\" data-element_type=\"column\" data-e-type=\"column\">\n\t\t\t<div class=\"elementor-widget-wrap elementor-element-populated\">\n\t\t\t\t\t\t<div class=\"elementor-element elementor-element-e107a68 elementor-invisible elementor-widget elementor-widget-heading\" data-id=\"e107a68\" data-element_type=\"widget\" data-e-type=\"widget\" data-settings=\"{&quot;_animation&quot;:&quot;fadeInUp&quot;}\" data-widget_type=\"heading.default\">\n\t\t\t\t\t<h1 class=\"elementor-heading-title elementor-size-default\">WEB S\u0130TE &amp; MARKA ANAL\u0130Z\u0130<\/h1>\t\t\t\t<\/div>\n\t\t\t\t<div class=\"elementor-element elementor-element-b253b0b elementor-widget elementor-widget-text-editor\" data-id=\"b253b0b\" data-element_type=\"widget\" data-e-type=\"widget\" data-widget_type=\"text-editor.default\">\n\t\t\t\t\t\t\t\t\t<p data-start=\"263\" data-end=\"601\"><strong>Web Site &amp; Marka Analizi<\/strong> \u00e7al\u0131\u015fma s\u00fcrecimizi payla\u015f\u0131yoruz.<\/p><p data-start=\"263\" data-end=\"601\">\u00a0<\/p><p data-start=\"263\" data-end=\"601\">\u00a0<\/p><p data-start=\"263\" data-end=\"601\"><strong>1. \u00d6n De\u011ferlendirme ve Hedef Belirleme:<br \/><br \/><\/strong>\u0130lk olarak markan\u0131z\u0131, faaliyet alan\u0131n\u0131z\u0131 ve mevcut dijital g\u00f6r\u00fcn\u00fcm\u00fcn\u00fcz\u00fc inceliyoruz.<br \/><br \/>Bu \u00e7al\u0131\u015fman\u0131n hangi ama\u00e7la yap\u0131ld\u0131\u011f\u0131n\u0131 netle\u015ftiriyoruz.<br \/><br \/>\u00d6rne\u011fin:<br \/><strong><br \/><\/strong><\/p><ul><li data-section-id=\"b7yozn\" data-start=\"432\" data-end=\"466\">Mevcut web sitenizi geli\u015ftirmek,<\/li><li data-section-id=\"hg8566\" data-start=\"467\" data-end=\"523\">Yeni bir web sitesi \u00f6ncesinde yol haritas\u0131 olu\u015fturmak,<\/li><li data-section-id=\"1enlp6c\" data-start=\"524\" data-end=\"569\">Markan\u0131z\u0131n dijital g\u00f6r\u00fcn\u00fcm\u00fcn\u00fc g\u00fc\u00e7lendirmek,<\/li><li data-section-id=\"y3a14\" data-start=\"570\" data-end=\"615\">Rakipleriniz kar\u015f\u0131s\u0131ndaki konumunuzu g\u00f6rmek<\/li><\/ul><p><br \/>gibi ihtiya\u00e7lar\u0131n\u0131z\u0131 belirleyerek analize sa\u011flam bir \u00e7er\u00e7eve olu\u015fturuyoruz.<\/p><p>\u00a0<\/p><p>\u00a0<\/p><p><strong>2. Web Sitesi \u0130ncelemesi:<\/strong><br \/><br \/><\/p><p data-start=\"730\" data-end=\"832\">Mevcut web sitenizi tasar\u0131m, i\u00e7erik, yap\u0131 ve kullan\u0131c\u0131 deneyimi a\u00e7\u0131s\u0131ndan detayl\u0131 \u015fekilde inceliyoruz.<\/p><p data-start=\"834\" data-end=\"866\"><br \/>Bu inceleme s\u0131ras\u0131nda \u00f6zellikle:<br \/><br \/><\/p><ul data-start=\"868\" data-end=\"1062\"><li data-section-id=\"109avb7\" data-start=\"868\" data-end=\"903\">Ana sayfa ve alt sayfa kurgusunu,<\/li><li data-section-id=\"1qfcn4h\" data-start=\"904\" data-end=\"937\">Ba\u015fl\u0131k ve i\u00e7erik hiyerar\u015fisini,<\/li><li data-section-id=\"dbna1q\" data-start=\"938\" data-end=\"959\">G\u00f6rsel kullan\u0131m\u0131n\u0131,<\/li><li data-section-id=\"1vlywbj\" data-start=\"960\" data-end=\"979\">Mobil uyumlulu\u011fu,<\/li><li data-section-id=\"1j6mnl\" data-start=\"980\" data-end=\"1002\">\u0130leti\u015fim alanlar\u0131n\u0131,<\/li><li data-section-id=\"1p0mrgp\" data-start=\"1003\" data-end=\"1027\">G\u00fcven veren unsurlar\u0131,<\/li><li data-section-id=\"x3zkky\" data-start=\"1028\" data-end=\"1062\">Y\u00f6nlendirme ve kullan\u0131c\u0131 ak\u0131\u015f\u0131n\u0131<\/li><\/ul><p data-start=\"1064\" data-end=\"1082\"><br \/>de\u011ferlendiriyoruz.<\/p><p data-start=\"1084\" data-end=\"1214\"><br \/>Amac\u0131m\u0131z, web sitenizin yaln\u0131zca nas\u0131l g\u00f6r\u00fcnd\u00fc\u011f\u00fcn\u00fc de\u011fil; ziyaret\u00e7ide nas\u0131l bir izlenim b\u0131rakt\u0131\u011f\u0131n\u0131 da net \u015fekilde ortaya koymakt\u0131r.<\/p><p data-start=\"1084\" data-end=\"1214\">\u00a0<\/p><p data-start=\"1084\" data-end=\"1214\">\u00a0<\/p><p data-start=\"1084\" data-end=\"1214\"><strong>3. Sekt\u00f6r ve Rakip Analizi:<\/strong><br \/><br \/><\/p><p data-start=\"1254\" data-end=\"1372\">T\u00fcrkiye genelinde ve bulundu\u011funuz b\u00f6lgede sizinle ayn\u0131 alanda faaliyet g\u00f6steren firmalar\u0131n web sitelerini inceliyoruz.<\/p><p data-start=\"1374\" data-end=\"1385\"><br \/>Bu s\u00fcre\u00e7te:<br \/><br \/><\/p><ul data-start=\"1387\" data-end=\"1548\"><li data-section-id=\"1s71486\" data-start=\"1387\" data-end=\"1425\">Rakip firmalar\u0131n tasar\u0131m anlay\u0131\u015f\u0131n\u0131,<\/li><li data-section-id=\"b5udh3\" data-start=\"1426\" data-end=\"1446\">\u0130\u00e7erik yap\u0131lar\u0131n\u0131,<\/li><li data-section-id=\"10cwmb2\" data-start=\"1447\" data-end=\"1474\">Hizmet sunum bi\u00e7imlerini,<\/li><li data-section-id=\"1bvlgxr\" data-start=\"1475\" data-end=\"1512\">\u00d6ne \u00e7\u0131kard\u0131klar\u0131 g\u00fcven unsurlar\u0131n\u0131,<\/li><li data-section-id=\"1rd3sqp\" data-start=\"1513\" data-end=\"1548\">Dijitalde nas\u0131l konumland\u0131klar\u0131n\u0131<\/li><\/ul><p data-start=\"1550\" data-end=\"1568\"><br \/>de\u011ferlendiriyoruz.<\/p><p data-start=\"1570\" data-end=\"1659\"><br \/>B\u00f6ylece markan\u0131z\u0131n bulundu\u011fu noktay\u0131 ve geli\u015fim alanlar\u0131n\u0131 daha net g\u00f6rmenizi sa\u011fl\u0131yoruz.<\/p><p data-start=\"1570\" data-end=\"1659\">\u00a0<\/p><p data-start=\"1570\" data-end=\"1659\">\u00a0<\/p><p data-start=\"1570\" data-end=\"1659\"><strong>4. Google G\u00f6r\u00fcn\u00fcrl\u00fc\u011f\u00fc ve Arama Analizi:<\/strong><br \/><br \/><\/p><p data-start=\"1711\" data-end=\"1816\">Google\u2019da sekt\u00f6r\u00fcn\u00fczle ilgili anahtar kelimeleri, arama sonu\u00e7lar\u0131n\u0131 ve genel g\u00f6r\u00fcn\u00fcrl\u00fc\u011f\u00fcn\u00fcz\u00fc inceliyoruz.<\/p><p data-start=\"1818\" data-end=\"1829\"><br \/>Bu a\u015famada:<br \/><br \/><\/p><ul data-start=\"1831\" data-end=\"2063\"><li data-section-id=\"qvn80v\" data-start=\"1831\" data-end=\"1878\">sekt\u00f6r\u00fcn\u00fczle ilgili temel anahtar kelimeleri,<\/li><li data-section-id=\"1qr8bmy\" data-start=\"1879\" data-end=\"1925\">rakiplerinizin arama motorundaki g\u00f6r\u00fcn\u00fcm\u00fcn\u00fc,<\/li><li data-section-id=\"811fws\" data-start=\"1926\" data-end=\"1965\">sayfa ba\u015fl\u0131klar\u0131n\u0131 ve a\u00e7\u0131klamalar\u0131n\u0131,<\/li><li data-section-id=\"1gh6nc8\" data-start=\"1966\" data-end=\"2007\">i\u00e7eriklerin arama niyetine uygunlu\u011funu,<\/li><li data-section-id=\"2mva5j\" data-start=\"2008\" data-end=\"2063\">markan\u0131z\u0131n dijitalde ne kadar do\u011fru temsil edildi\u011fini<\/li><\/ul><p data-start=\"2065\" data-end=\"2083\"><br \/>de\u011ferlendiriyoruz.<\/p><p data-start=\"2085\" data-end=\"2208\"><br \/>Bu analiz sayesinde, web sitenizin yaln\u0131zca tasar\u0131msal de\u011fil, stratejik olarak da ne kadar g\u00fc\u00e7l\u00fc oldu\u011funu ortaya koyuyoruz.<\/p><p data-start=\"2085\" data-end=\"2208\">\u00a0<\/p><p data-start=\"2085\" data-end=\"2208\">\u00a0<\/p><p data-start=\"2085\" data-end=\"2208\"><strong>5. Marka Kimli\u011fi ve G\u00f6rsel Tutarl\u0131l\u0131k \u0130ncelemesi:<\/strong><br \/><br \/><\/p><p data-start=\"2270\" data-end=\"2347\">Markan\u0131z\u0131 yaln\u0131zca web sitesi \u00fczerinden de\u011fil, bir b\u00fct\u00fcn olarak ele al\u0131yoruz.<\/p><p data-start=\"2349\" data-end=\"2361\"><br \/>Bu kapsamda:<br \/><br \/><\/p><ul data-start=\"2363\" data-end=\"2482\"><li data-section-id=\"1v07613\" data-start=\"2363\" data-end=\"2384\">Logo kullan\u0131m\u0131n\u0131z\u0131,<\/li><li data-section-id=\"aprog8\" data-start=\"2385\" data-end=\"2416\">Renk ve tipografi d\u00fczeninizi,<\/li><li data-section-id=\"9aohk1\" data-start=\"2417\" data-end=\"2435\">G\u00f6rsel dilinizi,<\/li><li data-section-id=\"306x2\" data-start=\"2436\" data-end=\"2460\">Kurumsal g\u00f6r\u00fcn\u00fcm\u00fcn\u00fcz\u00fc,<\/li><li data-section-id=\"accfnn\" data-start=\"2461\" data-end=\"2482\">Marka b\u00fct\u00fcnl\u00fc\u011f\u00fcn\u00fcz\u00fc,<\/li><\/ul><p data-start=\"2484\" data-end=\"2496\"><br \/>inceliyoruz.<\/p><p data-start=\"2498\" data-end=\"2635\"><br \/>Web siteniz, sosyal medya hesaplar\u0131n\u0131z ve di\u011fer dijital alanlar aras\u0131nda g\u00f6rsel ve kurumsal tutarl\u0131l\u0131k olup olmad\u0131\u011f\u0131n\u0131 de\u011ferlendiriyoruz.<\/p><p data-start=\"2498\" data-end=\"2635\">\u00a0<\/p><p data-start=\"2498\" data-end=\"2635\">\u00a0<\/p><p data-start=\"2498\" data-end=\"2635\"><strong>6. Sosyal Medya ve Dijital G\u00f6r\u00fcn\u00fcm Analizi:<\/strong><br \/><br \/><\/p><p data-start=\"2691\" data-end=\"2836\">Firman\u0131z\u0131n ve gerekli durumlarda firma sahiplerinin\/y\u00f6neticilerinin LinkedIn ba\u015fta olmak \u00fczere herkese a\u00e7\u0131k sosyal medya hesaplar\u0131n\u0131 da inceliyoruz.<\/p><p data-start=\"2838\" data-end=\"2849\"><br \/>Bu s\u00fcre\u00e7te:<br \/><br \/><\/p><ul data-start=\"2851\" data-end=\"2992\"><li data-section-id=\"1eof805\" data-start=\"2851\" data-end=\"2882\">Profil ve kapak g\u00f6rsellerini<\/li><li data-section-id=\"u22yei\" data-start=\"2883\" data-end=\"2905\">A\u00e7\u0131klama alanlar\u0131n\u0131<\/li><li data-section-id=\"2ydb95\" data-start=\"2906\" data-end=\"2926\">Ba\u011flant\u0131 d\u00fczenini<\/li><li data-section-id=\"1t12je3\" data-start=\"2927\" data-end=\"2963\">\u0130leti\u015fim bilgilerinin do\u011frulu\u011funu<\/li><li data-section-id=\"1kyfdq5\" data-start=\"2964\" data-end=\"2992\">Genel profesyonel g\u00f6r\u00fcn\u00fcm\u00fc<\/li><\/ul><p data-start=\"2994\" data-end=\"3012\"><br \/>de\u011ferlendiriyoruz.<\/p><p data-start=\"3014\" data-end=\"3134\"><br \/>Amac\u0131m\u0131z, markan\u0131z\u0131n dijital d\u00fcnyadaki t\u00fcm temas noktalar\u0131nda daha g\u00fcven veren ve daha b\u00fct\u00fcnl\u00fckl\u00fc g\u00f6r\u00fcnmesini sa\u011flamakt\u0131r.<\/p><p data-start=\"3014\" data-end=\"3134\">\u00a0<\/p><p data-start=\"3014\" data-end=\"3134\">\u00a0<\/p><p data-start=\"3014\" data-end=\"3134\"><strong>7. Kullan\u0131c\u0131 Deneyimi ve G\u00fcven Unsurlar\u0131 Tespiti:<\/strong><br \/><br \/><\/p><p data-start=\"3196\" data-end=\"3301\">Web sitenizde ziyaret\u00e7ilerin karar verme s\u00fcrecini etkileyen \u00f6nemli detaylar\u0131 da ayr\u0131ca de\u011ferlendiriyoruz.<\/p><p data-start=\"3303\" data-end=\"3313\"><br \/>\u00d6zellikle:<br \/><br \/><\/p><ul data-start=\"3315\" data-end=\"3500\"><li data-section-id=\"13tughq\" data-start=\"3315\" data-end=\"3338\">\u0130leti\u015fim kolayl\u0131\u011f\u0131n\u0131<\/li><li data-section-id=\"1xcxjuc\" data-start=\"3339\" data-end=\"3379\">WhatsApp ve telefon y\u00f6nlendirmelerini<\/li><li data-section-id=\"1t2qzli\" data-start=\"3380\" data-end=\"3419\">Teklif alma veya ileti\u015fim formlar\u0131n\u0131<\/li><li data-section-id=\"t9frhh\" data-start=\"3420\" data-end=\"3459\">Referans, yorum ve g\u00fcven unsurlar\u0131n\u0131<\/li><li data-section-id=\"1m6ibnu\" data-start=\"3460\" data-end=\"3500\">A\u00e7\u0131kl\u0131k ve anla\u015f\u0131labilirlik seviyesini<\/li><\/ul><p data-start=\"3502\" data-end=\"3568\"><br \/>inceleyerek eksik veya geli\u015ftirilebilir noktalar\u0131 tespit ediyoruz.<\/p><p data-start=\"3570\" data-end=\"3684\"><br \/>\u00c7\u00fcnk\u00fc \u00e7o\u011fu zaman sorun yaln\u0131zca tasar\u0131m de\u011fil; kullan\u0131c\u0131ya yeterince g\u00fcven veremeyen yap\u0131dan da kaynaklanmaktad\u0131r.<\/p><p data-start=\"3570\" data-end=\"3684\">\u00a0<\/p><p data-start=\"3570\" data-end=\"3684\">\u00a0<\/p><p data-start=\"3570\" data-end=\"3684\"><strong>8. Raporlama ve \u00d6neri Sunumu:<\/strong><br \/><br \/><\/p><p data-start=\"3726\" data-end=\"3825\">T\u00fcm incelemeler sonras\u0131nda elde etti\u011fimiz tespitleri size anla\u015f\u0131l\u0131r ve d\u00fczenli bir \u015fekilde sunuyoruz.<\/p><p data-start=\"3827\" data-end=\"3849\"><br \/>Bu sunumda genellikle:<br \/><br \/><\/p><ul data-start=\"3851\" data-end=\"4034\"><li data-section-id=\"16b4vrd\" data-start=\"3851\" data-end=\"3877\">G\u00fc\u00e7l\u00fc buldu\u011fumuz alanlar\u0131,<\/li><li data-section-id=\"178pp9l\" data-start=\"3878\" data-end=\"3902\">Zay\u0131f kalan noktalar\u0131,<\/li><li data-section-id=\"1wvsag2\" data-start=\"3903\" data-end=\"3940\">\u00d6ncelikli iyile\u015ftirme ba\u015fl\u0131klar\u0131n\u0131,<\/li><li data-section-id=\"1pf2uuy\" data-start=\"3941\" data-end=\"3983\">K\u0131sa vadede yap\u0131labilecek d\u00fczenlemeleri,<\/li><li data-section-id=\"1kkzqvu\" data-start=\"3984\" data-end=\"4034\">Uzun vadede markan\u0131za katk\u0131 sa\u011flayacak \u00f6nerileri<\/li><\/ul><p data-start=\"4036\" data-end=\"4049\"><br \/>payla\u015f\u0131yoruz.<\/p><p data-start=\"4051\" data-end=\"4169\"><br \/>B\u00f6ylece elinizde yaln\u0131zca genel yorumlardan olu\u015fan bir de\u011ferlendirme de\u011fil, uygulanabilir bir yol haritas\u0131 olmu\u015f olur.<\/p><p data-start=\"4051\" data-end=\"4169\">\u00a0<\/p><p data-start=\"4051\" data-end=\"4169\">\u00a0<\/p><p data-start=\"4051\" data-end=\"4169\"><strong>9. Tasar\u0131m Y\u00f6nlendirmesi ve D\u00fczenleme Deste\u011fi:<\/strong><br \/><br \/><\/p><p data-start=\"4228\" data-end=\"4320\">Analiz s\u00fcreci sonunda, gerekli g\u00f6rd\u00fc\u011f\u00fcm alanlarda tasar\u0131msal y\u00f6nlendirmeler de payla\u015f\u0131yoruz.<\/p><p data-start=\"4322\" data-end=\"4347\"><br \/>\u0130htiya\u00e7 olmas\u0131 durumunda:<br \/><br \/><\/p><ul data-start=\"4349\" data-end=\"4538\"><li data-section-id=\"b2l6mq\" data-start=\"4349\" data-end=\"4403\">Profil ve kapak g\u00f6rselleriniz i\u00e7in \u00f6neriler sunuyor,<\/li><li data-section-id=\"lfojxp\" data-start=\"4404\" data-end=\"4457\">Hatal\u0131 \u00f6l\u00e7\u00fc veya kullan\u0131m problemlerini belirliyor,<\/li><li data-section-id=\"k5623t\" data-start=\"4458\" data-end=\"4538\">Dijital g\u00f6r\u00fcn\u00fcm\u00fcn\u00fcz\u00fc daha g\u00fc\u00e7l\u00fc hale getirecek temel d\u00fczenlemeleri \u00f6neriyoruz.<\/li><\/ul><p data-start=\"4540\" data-end=\"4722\"><br \/>Amac\u0131m\u0131z, \u00e7al\u0131\u015fma sonras\u0131nda web siteniz, sosyal medya hesaplar\u0131n\u0131z ve arama motorlar\u0131ndaki g\u00f6r\u00fcn\u00fcm\u00fcn\u00fcz\u00fcn daha do\u011fru, daha profesyonel ve daha g\u00fc\u00e7l\u00fc bir yap\u0131ya kavu\u015fmas\u0131n\u0131 sa\u011flamakt\u0131r.<\/p><p data-start=\"4540\" data-end=\"4722\">\u00a0<\/p><p data-start=\"4540\" data-end=\"4722\">\u00a0<\/p><p data-start=\"4540\" data-end=\"4722\"><strong>10. S\u00fcre\u00e7 ve \u00d6deme:<\/strong><br \/><br \/><\/p><p data-start=\"336\" data-end=\"462\"><strong>Web Site &amp; Marka Analizi<\/strong> \u00e7al\u0131\u015fmas\u0131n\u0131n s\u00fcresi, projenin kapsam\u0131na ba\u011fl\u0131 olarak ortalama\u00a0<strong data-start=\"423\" data-end=\"438\">3 ila 7 g\u00fcn<\/strong>\u00a0aras\u0131nda de\u011fi\u015fmektedir.<\/p><p data-start=\"464\" data-end=\"529\"><br \/>\u00c7al\u0131\u015fma ba\u015flang\u0131c\u0131nda\u00a0<strong data-start=\"486\" data-end=\"511\">%50 oran\u0131nda \u00f6n \u00f6deme<\/strong> talep etmekteyiz.<\/p><p data-start=\"531\" data-end=\"636\"><br \/>Kalan \u00f6demeyi ise analiz \u00e7al\u0131\u015fmas\u0131n\u0131n tamamlan\u0131p taraf\u0131n\u0131za teslim edilmesinin ard\u0131ndan talep etmekteyiz.<\/p><p><br \/><strong>Web Site &amp; Marka Analizi<\/strong> hizmetimiz i\u00e7in, \u00e7al\u0131\u015fma \u00f6ncesindeki kur \u00fczerinden hesaplanan <strong>100 USD\u2019nin TL kar\u015f\u0131l\u0131\u011f\u0131<\/strong> tutar\u0131nda sabit \u00fccret uygulamaktay\u0131z.<\/p>\t\t\t\t\t\t\t\t<\/div>\n\t\t\t\t<div class=\"elementor-element elementor-element-a1909ba elementor-widget__width-initial elementor-widget-laptop__width-initial jkit-equal-height-disable elementor-widget elementor-widget-jkit_icon_box\" data-id=\"a1909ba\" data-element_type=\"widget\" data-e-type=\"widget\" data-widget_type=\"jkit_icon_box.default\">\n\t\t\t\t\t<div  class=\"jeg-elementor-kit jkit-icon-box icon-position-top elementor-animation- jeg_module___69f9bc92b1b32\" ><div class=\"jkit-icon-box-wrapper hover-from-left\"><div class=\"icon-box icon-box-header elementor-animation-\"><div class=\"icon style-color\"><\/div><\/div><div class=\"icon-box icon-box-body\">\n                <p class=\"title\">PORTFOLYO KATALO\u011eUMUZ<\/p><p class=\"icon-box-description\">G\u00fcncel (Nisan 2026) Portfolyo Katalo\u011fumuz:<\/p><div class=\"icon-box-button \">\n                <div class=\"btn-wrapper icon-position-before\">\n                    <a href=\"https:\/\/webtasarim.studio\/portfolyo-nisan-2026\" class=\"icon-box-link\" target=\"_blank\" aria-label=\"\u0130NCELEY\u0130N\">\u0130NCELEY\u0130N<\/a>\n                <\/div>\n            <\/div>\n            <\/div>\n            \n            <\/div><\/div>\t\t\t\t<\/div>\n\t\t\t\t<div class=\"elementor-element elementor-element-dbfa534 elementor-align-left elementor-mobile-align-center elementor-widget__width-initial elementor-tablet-align-left elementor-widget elementor-widget-button\" data-id=\"dbfa534\" data-element_type=\"widget\" data-e-type=\"widget\" data-widget_type=\"button.default\">\n\t\t\t\t\t\t\t\t\t\t<a class=\"elementor-button elementor-button-link elementor-size-sm\" href=\"https:\/\/webtasarim.studio\/\">\n\t\t\t\t\t\t<span class=\"elementor-button-content-wrapper\">\n\t\t\t\t\t\t<span class=\"elementor-button-icon\">\n\t\t\t\t<svg aria-hidden=\"true\" class=\"e-font-icon-svg e-fas-long-arrow-alt-left\" viewBox=\"0 0 448 512\" xmlns=\"http:\/\/www.w3.org\/2000\/svg\"><path d=\"M134.059 296H436c6.627 0 12-5.373 12-12v-56c0-6.627-5.373-12-12-12H134.059v-46.059c0-21.382-25.851-32.09-40.971-16.971L7.029 239.029c-9.373 9.373-9.373 24.569 0 33.941l86.059 86.059c15.119 15.119 40.971 4.411 40.971-16.971V296z\"><\/path><\/svg>\t\t\t<\/span>\n\t\t\t\t\t\t\t\t\t<span class=\"elementor-button-text\">ANA SAYFA<\/span>\n\t\t\t\t\t<\/span>\n\t\t\t\t\t<\/a>\n\t\t\t\t\t\t\t\t<\/div>\n\t\t\t\t<div class=\"elementor-element elementor-element-11abc46 elementor-align-center elementor-widget__width-initial elementor-widget elementor-widget-button\" data-id=\"11abc46\" data-element_type=\"widget\" data-e-type=\"widget\" data-widget_type=\"button.default\">\n\t\t\t\t\t\t\t\t\t\t<a class=\"elementor-button elementor-button-link elementor-size-sm\" href=\"https:\/\/webtasarim.studio\/hizmetlerimiz\">\n\t\t\t\t\t\t<span class=\"elementor-button-content-wrapper\">\n\t\t\t\t\t\t<span class=\"elementor-button-icon\">\n\t\t\t\t<svg aria-hidden=\"true\" class=\"e-font-icon-svg e-fas-long-arrow-alt-right\" viewBox=\"0 0 448 512\" xmlns=\"http:\/\/www.w3.org\/2000\/svg\"><path d=\"M313.941 216H12c-6.627 0-12 5.373-12 12v56c0 6.627 5.373 12 12 12h301.941v46.059c0 21.382 25.851 32.09 40.971 16.971l86.059-86.059c9.373-9.373 9.373-24.569 0-33.941l-86.059-86.059c-15.119-15.119-40.971-4.411-40.971 16.971V216z\"><\/path><\/svg>\t\t\t<\/span>\n\t\t\t\t\t\t\t\t\t<span class=\"elementor-button-text\">H\u0130ZMETLER\u0130M\u0130Z<\/span>\n\t\t\t\t\t<\/span>\n\t\t\t\t\t<\/a>\n\t\t\t\t\t\t\t\t<\/div>\n\t\t\t\t<div class=\"elementor-element elementor-element-e4e82d2 elementor-align-right elementor-widget__width-initial elementor-mobile-align-center elementor-widget elementor-widget-button\" data-id=\"e4e82d2\" data-element_type=\"widget\" data-e-type=\"widget\" data-widget_type=\"button.default\">\n\t\t\t\t\t\t\t\t\t\t<a class=\"elementor-button elementor-button-link elementor-size-sm\" href=\"https:\/\/webtasarim.studio\/linkler\">\n\t\t\t\t\t\t<span class=\"elementor-button-content-wrapper\">\n\t\t\t\t\t\t<span class=\"elementor-button-icon\">\n\t\t\t\t<svg aria-hidden=\"true\" class=\"e-font-icon-svg e-fas-long-arrow-alt-right\" viewBox=\"0 0 448 512\" xmlns=\"http:\/\/www.w3.org\/2000\/svg\"><path d=\"M313.941 216H12c-6.627 0-12 5.373-12 12v56c0 6.627 5.373 12 12 12h301.941v46.059c0 21.382 25.851 32.09 40.971 16.971l86.059-86.059c9.373-9.373 9.373-24.569 0-33.941l-86.059-86.059c-15.119-15.119-40.971-4.411-40.971 16.971V216z\"><\/path><\/svg>\t\t\t<\/span>\n\t\t\t\t\t\t\t\t\t<span class=\"elementor-button-text\">L\u0130NKLER<\/span>\n\t\t\t\t\t<\/span>\n\t\t\t\t\t<\/a>\n\t\t\t\t\t\t\t\t<\/div>\n\t\t\t\t\t<\/div>\n\t\t<\/div>\n\t\t\t\t\t<\/div>\n\t\t<\/section>\n\t\t<div class=\"elementor-element elementor-element-5c09419 e-con-full e-flex e-con e-parent\" data-id=\"5c09419\" data-element_type=\"container\" data-e-type=\"container\">\n\t\t\t\t<div class=\"elementor-element elementor-element-8893268 elementor-widget-divider--view-line elementor-widget elementor-widget-divider\" data-id=\"8893268\" data-element_type=\"widget\" data-e-type=\"widget\" data-widget_type=\"divider.default\">\n\t\t\t\t\t\t\t<div class=\"elementor-divider\">\n\t\t\t<span class=\"elementor-divider-separator\">\n\t\t\t\t\t\t<\/span>\n\t\t<\/div>\n\t\t\t\t\t\t<\/div>\n\t\t\t\t<\/div>\n\t\t\t\t<\/div>\n\t\t","protected":false},"excerpt":{"rendered":"<p>WEB S\u0130TE &amp; MARKA ANAL\u0130Z\u0130 Web Site &amp; Marka Analizi \u00e7al\u0131\u015fma s\u00fcrecimizi payla\u015f\u0131yoruz. \u00a0 \u00a0 1. \u00d6n De\u011ferlendirme ve Hedef Belirleme: \u0130lk olarak markan\u0131z\u0131, faaliyet alan\u0131n\u0131z\u0131 ve mevcut dijital g\u00f6r\u00fcn\u00fcm\u00fcn\u00fcz\u00fc inceliyoruz. Bu \u00e7al\u0131\u015fman\u0131n hangi ama\u00e7la yap\u0131ld\u0131\u011f\u0131n\u0131 netle\u015ftiriyoruz. \u00d6rne\u011fin: Mevcut web sitenizi geli\u015ftirmek, Yeni bir web sitesi \u00f6ncesinde yol haritas\u0131 olu\u015fturmak, Markan\u0131z\u0131n dijital g\u00f6r\u00fcn\u00fcm\u00fcn\u00fc g\u00fc\u00e7lendirmek, Rakipleriniz [&hellip;]<\/p>\n","protected":false},"author":1,"featured_media":0,"parent":0,"menu_order":0,"comment_status":"closed","ping_status":"closed","template":"","meta":{"footnotes":""},"class_list":["post-330","page","type-page","status-publish","hentry"],"_links":{"self":[{"href":"https:\/\/webtasarim.studio\/index.php?rest_route=\/wp\/v2\/pages\/330","targetHints":{"allow":["GET"]}}],"collection":[{"href":"https:\/\/webtasarim.studio\/index.php?rest_route=\/wp\/v2\/pages"}],"about":[{"href":"https:\/\/webtasarim.studio\/index.php?rest_route=\/wp\/v2\/types\/page"}],"author":[{"embeddable":true,"href":"https:\/\/webtasarim.studio\/index.php?rest_route=\/wp\/v2\/users\/1"}],"replies":[{"embeddable":true,"href":"https:\/\/webtasarim.studio\/index.php?rest_route=%2Fwp%2Fv2%2Fcomments&post=330"}],"version-history":[{"count":0,"href":"https:\/\/webtasarim.studio\/index.php?rest_route=\/wp\/v2\/pages\/330\/revisions"}],"wp:attachment":[{"href":"https:\/\/webtasarim.studio\/index.php?rest_route=%2Fwp%2Fv2%2Fmedia&parent=330"}],"curies":[{"name":"wp","href":"https:\/\/api.w.org\/{rel}","templated":true}]}}