{"id":335,"date":"2026-04-15T11:25:29","date_gmt":"2026-04-15T11:25:29","guid":{"rendered":"https:\/\/webtasarim.studio\/?page_id=335"},"modified":"2026-04-22T10:28:19","modified_gmt":"2026-04-22T10:28:19","slug":"logo-kurumsal-kimlik-tasarimi","status":"publish","type":"page","link":"https:\/\/webtasarim.studio\/?page_id=335","title":{"rendered":"LOGO &amp; KURUMSAL K\u0130ML\u0130K TASARIMI"},"content":{"rendered":"\t\t<div data-elementor-type=\"wp-page\" data-elementor-id=\"335\" class=\"elementor elementor-335\" data-elementor-post-type=\"page\">\n\t\t\t\t<div class=\"elementor-element elementor-element-94c8778 e-con-full e-flex e-con e-parent\" data-id=\"94c8778\" data-element_type=\"container\" data-e-type=\"container\">\n\t\t\t\t<div class=\"elementor-element elementor-element-66384cf elementor-widget-divider--view-line elementor-widget elementor-widget-divider\" data-id=\"66384cf\" data-element_type=\"widget\" data-e-type=\"widget\" data-widget_type=\"divider.default\">\n\t\t\t\t\t\t\t<div class=\"elementor-divider\">\n\t\t\t<span class=\"elementor-divider-separator\">\n\t\t\t\t\t\t<\/span>\n\t\t<\/div>\n\t\t\t\t\t\t<\/div>\n\t\t\t\t<\/div>\n\t\t\t\t<section class=\"elementor-section elementor-top-section elementor-element elementor-element-bdbca1d elementor-section-boxed elementor-section-height-default elementor-section-height-default\" data-id=\"bdbca1d\" data-element_type=\"section\" data-e-type=\"section\">\n\t\t\t\t\t\t<div class=\"elementor-container elementor-column-gap-default\">\n\t\t\t\t\t<div class=\"elementor-column elementor-col-100 elementor-top-column elementor-element elementor-element-8e9e102\" data-id=\"8e9e102\" data-element_type=\"column\" data-e-type=\"column\">\n\t\t\t<div class=\"elementor-widget-wrap elementor-element-populated\">\n\t\t\t\t\t\t<div class=\"elementor-element elementor-element-88d23a8 elementor-invisible elementor-widget elementor-widget-heading\" data-id=\"88d23a8\" data-element_type=\"widget\" data-e-type=\"widget\" data-settings=\"{&quot;_animation&quot;:&quot;fadeInUp&quot;}\" data-widget_type=\"heading.default\">\n\t\t\t\t\t<h1 class=\"elementor-heading-title elementor-size-default\">LOGO &amp; KURUMSAL K\u0130ML\u0130K TASARIMI<\/h1>\t\t\t\t<\/div>\n\t\t\t\t<div class=\"elementor-element elementor-element-8972c71 elementor-widget elementor-widget-text-editor\" data-id=\"8972c71\" data-element_type=\"widget\" data-e-type=\"widget\" data-widget_type=\"text-editor.default\">\n\t\t\t\t\t\t\t\t\t<p data-start=\"263\" data-end=\"601\"><strong>Logo &amp; Kurumsal Kimlik Tasar\u0131m\u0131\u00a0<\/strong>\u00e7al\u0131\u015fma s\u00fcrecimizi payla\u015f\u0131yoruz.<\/p><p><strong><br \/><br \/>1. \u00d6n G\u00f6r\u00fc\u015fme ve Marka Tan\u0131ma:<br \/><br \/><\/strong>\u0130lk olarak markan\u0131z\u0131, faaliyet alan\u0131n\u0131z\u0131, hedef kitlenizi ve vermek istedi\u011finiz genel mesaj\u0131 anlamaya odaklan\u0131yoruz.<\/p><p data-start=\"412\" data-end=\"423\"><br \/>Bu a\u015famada;<br \/><br \/><\/p><ul data-start=\"425\" data-end=\"630\"><li data-section-id=\"1qp9qk2\" data-start=\"425\" data-end=\"473\">Markan\u0131z\u0131n hangi alanda faaliyet g\u00f6sterdi\u011fini,<\/li><li data-section-id=\"15dp8pj\" data-start=\"474\" data-end=\"514\">Nas\u0131l bir izlenim b\u0131rakmak istedi\u011fini,<\/li><li data-section-id=\"jwp507\" data-start=\"515\" data-end=\"546\">Hangi kitleye hitap etti\u011fini,<\/li><li data-section-id=\"4hsuek\" data-start=\"547\" data-end=\"630\">Sade, g\u00fc\u00e7l\u00fc, modern, kurumsal veya premium gibi hangi \u00e7izgide g\u00f6r\u00fcnmek istedi\u011fini<\/li><\/ul><p data-start=\"632\" data-end=\"650\"><br \/>de\u011ferlendiriyoruz.<\/p><p data-start=\"652\" data-end=\"760\"><br \/>Amac\u0131m\u0131z, yaln\u0131zca estetik g\u00f6r\u00fcnen de\u011fil; markan\u0131z\u0131 do\u011fru \u015fekilde temsil eden bir g\u00f6rsel kimlik olu\u015fturmakt\u0131r.<\/p><p data-start=\"652\" data-end=\"760\">\u00a0<\/p><p data-start=\"652\" data-end=\"760\">\u00a0<\/p><p data-start=\"652\" data-end=\"760\"><strong>2. Sekt\u00f6r ve Rakip \u0130ncelemesi:<\/strong><br \/><br \/><\/p><p data-start=\"803\" data-end=\"861\">Markan\u0131z\u0131 i\u00e7inde bulundu\u011fu sekt\u00f6rle birlikte ele al\u0131yoruz.<\/p><p data-start=\"863\" data-end=\"1018\"><br \/>T\u00fcrkiye genelinde ve gerekli durumlarda uluslararas\u0131 \u00f6l\u00e7ekte, sizinle benzer alanda faaliyet g\u00f6steren markalar\u0131n logo ve kurumsal kimliklerini inceliyoruz.<\/p><p data-start=\"1020\" data-end=\"1031\"><br \/>Bu s\u00fcre\u00e7te:<br \/><br \/><\/p><ul data-start=\"1033\" data-end=\"1188\"><li data-section-id=\"ivpejs\" data-start=\"1033\" data-end=\"1079\">Sekt\u00f6rde s\u0131k kullan\u0131lan g\u00f6rsel yakla\u015f\u0131mlar\u0131,<\/li><li data-section-id=\"6g87lu\" data-start=\"1080\" data-end=\"1100\">Renk tercihlerini,<\/li><li data-section-id=\"gonqw6\" data-start=\"1101\" data-end=\"1124\">Tipografi anlay\u0131\u015f\u0131n\u0131,<\/li><li data-section-id=\"10vw0mw\" data-start=\"1125\" data-end=\"1148\">Benzerlik risklerini,<\/li><li data-section-id=\"1p94w60\" data-start=\"1149\" data-end=\"1188\">Markan\u0131z\u0131 ayr\u0131\u015ft\u0131rabilecek f\u0131rsatlar\u0131<\/li><\/ul><p data-start=\"1190\" data-end=\"1208\"><br \/>de\u011ferlendiriyoruz.<\/p><p data-start=\"1210\" data-end=\"1321\"><br \/>Bu inceleme sayesinde, ortaya \u00e7\u0131kacak tasar\u0131m\u0131n hem do\u011fru hem de daha \u00f6zg\u00fcn bir temele oturmas\u0131n\u0131 hedefliyoruz.<\/p><p data-start=\"1210\" data-end=\"1321\">\u00a0<\/p><p data-start=\"1210\" data-end=\"1321\">\u00a0<\/p><p data-start=\"1210\" data-end=\"1321\"><strong>3. Tasar\u0131m Y\u00f6n\u00fcn\u00fcn Belirlenmesi:<\/strong><br \/><br \/><\/p><p data-start=\"1366\" data-end=\"1454\">Ara\u015ft\u0131rma s\u00fcrecinin ard\u0131ndan markan\u0131z i\u00e7in uygun olabilecek tasar\u0131m y\u00f6n\u00fcn\u00fc belirliyoruz.<br \/><br \/><\/p><p data-start=\"1456\" data-end=\"1467\">Bu a\u015famada;<br \/><br \/><\/p><ul data-start=\"1469\" data-end=\"1548\"><li data-section-id=\"q0o9kg\" data-start=\"1469\" data-end=\"1488\">Logo karakterini,<\/li><li data-section-id=\"v5kyg5\" data-start=\"1489\" data-end=\"1508\">Renk yakla\u015f\u0131m\u0131n\u0131,<\/li><li data-section-id=\"13nypqq\" data-start=\"1509\" data-end=\"1528\">Tipografi y\u00f6n\u00fcn\u00fc,<\/li><li data-section-id=\"1q76bss\" data-start=\"1529\" data-end=\"1548\">Genel g\u00f6rsel dili<\/li><\/ul><p data-start=\"1550\" data-end=\"1566\"><br \/>netle\u015ftiriyoruz.<\/p><p data-start=\"1568\" data-end=\"1689\"><br \/>B\u00f6ylece \u00e7al\u0131\u015fman\u0131n yaln\u0131zca g\u00fczel g\u00f6r\u00fcnen de\u011fil, ayn\u0131 zamanda stratejik olarak do\u011fru bir \u00e7izgide ilerlemesini sa\u011fl\u0131yoruz.<\/p><p data-start=\"1568\" data-end=\"1689\">\u00a0<\/p><p data-start=\"1568\" data-end=\"1689\">\u00a0<\/p><p data-start=\"1568\" data-end=\"1689\"><strong>4. Logo Tasar\u0131m S\u00fcreci:<\/strong><br \/><br \/><\/p><p data-start=\"1725\" data-end=\"1795\">Belirlenen tasar\u0131m y\u00f6n\u00fc do\u011frultusunda logo tasar\u0131mlar\u0131n\u0131 haz\u0131rl\u0131yoruz.<\/p><p data-start=\"1797\" data-end=\"1948\"><br \/>Bu s\u00fcre\u00e7te size de\u011ferlendirebilmeniz i\u00e7in farkl\u0131 logo y\u00f6nleri sunuyoruz.<br data-start=\"1869\" data-end=\"1872\" \/>Be\u011fendi\u011finiz tasar\u0131m \u00fczerinden ilerleyerek gerekli geli\u015ftirmeleri yap\u0131yoruz.<\/p><p data-start=\"1950\" data-end=\"2082\"><br \/>Amac\u0131m\u0131z; markan\u0131z\u0131 g\u00fc\u00e7l\u00fc, profesyonel, ak\u0131lda kal\u0131c\u0131 ve uzun y\u0131llar kullan\u0131labilir \u015fekilde temsil edecek bir logo ortaya \u00e7\u0131karmakt\u0131r.<\/p><p data-start=\"652\" data-end=\"760\"><br \/><br \/><strong>5. Revize ve Son D\u00fczenlemeler:<\/strong><br \/><br \/><\/p><p data-start=\"2125\" data-end=\"2233\">Se\u00e7ti\u011finiz tasar\u0131m do\u011frultusunda gerekli d\u00fczenlemeleri yap\u0131yor, logonun son halini birlikte netle\u015ftiriyoruz.<\/p><p data-start=\"2235\" data-end=\"2246\"><br \/>Bu a\u015famada;<br \/><br \/><\/p><ul data-start=\"2248\" data-end=\"2309\"><li data-section-id=\"169kw7q\" data-start=\"2248\" data-end=\"2255\">Oran,<\/li><li data-section-id=\"uj9uuc\" data-start=\"2256\" data-end=\"2265\">Bo\u015fluk,<\/li><li data-section-id=\"l0xfod\" data-start=\"2266\" data-end=\"2278\">Tipografi,<\/li><li data-section-id=\"1fbu2cq\" data-start=\"2279\" data-end=\"2294\">Simge yap\u0131s\u0131,<\/li><li data-section-id=\"3k31n1\" data-start=\"2295\" data-end=\"2309\">Renk dengesi<\/li><\/ul><p data-start=\"2311\" data-end=\"2348\"><br \/>gibi detaylar\u0131 dikkatle ele al\u0131yoruz.<\/p><p data-start=\"2350\" data-end=\"2470\"><br \/>B\u00f6ylece teslim edilecek logonun yaln\u0131zca fikir olarak de\u011fil, uygulama a\u00e7\u0131s\u0131ndan da g\u00fc\u00e7l\u00fc ve dengeli olmas\u0131n\u0131 sa\u011fl\u0131yoruz.<\/p><p data-start=\"2350\" data-end=\"2470\">\u00a0<\/p><p data-start=\"2350\" data-end=\"2470\">\u00a0<\/p><p data-start=\"2350\" data-end=\"2470\"><strong>6. Kurumsal Kimlik Tasar\u0131m\u0131:<\/strong><\/p><p data-start=\"652\" data-end=\"760\">\u00a0<\/p><p data-start=\"2511\" data-end=\"2597\">Logo tasar\u0131m\u0131 tamamland\u0131ktan sonra, markan\u0131z\u0131n kurumsal kimlik yap\u0131s\u0131n\u0131 olu\u015fturuyoruz.<br \/><br \/><\/p><p data-start=\"2599\" data-end=\"2624\">\u0130htiyaca g\u00f6re bu s\u00fcre\u00e7te:<br \/><br \/><\/p><ul data-start=\"2626\" data-end=\"2787\"><li data-section-id=\"5a0zrn\" data-start=\"2626\" data-end=\"2640\">Renk paleti,<\/li><li data-section-id=\"1l5gj0h\" data-start=\"2641\" data-end=\"2661\">Tipografi sistemi,<\/li><li data-section-id=\"ntli08\" data-start=\"2662\" data-end=\"2683\">Kartvizit tasar\u0131m\u0131,<\/li><li data-section-id=\"1v9nqjs\" data-start=\"2684\" data-end=\"2701\">E-posta imzas\u0131,<\/li><li data-section-id=\"1yoqly3\" data-start=\"2702\" data-end=\"2718\">Antetli ka\u011f\u0131t,<\/li><li data-section-id=\"1hai7ka\" data-start=\"2719\" data-end=\"2745\">Dosya veya sunum kapa\u011f\u0131,<\/li><li data-section-id=\"1o6awo1\" data-start=\"2746\" data-end=\"2787\">Sosyal medya profil ve kapak g\u00f6rselleri<\/li><\/ul><p data-start=\"2789\" data-end=\"2837\"><br \/>gibi alanlarda tasar\u0131m \u00e7al\u0131\u015fmalar\u0131 haz\u0131rl\u0131yoruz.<\/p><p data-start=\"2839\" data-end=\"2933\"><br \/>Amac\u0131m\u0131z, markan\u0131z\u0131n farkl\u0131 mecralarda birbiriyle uyumlu ve profesyonel g\u00f6r\u00fcnmesini sa\u011flamakt\u0131r.<\/p><p data-start=\"2839\" data-end=\"2933\">\u00a0<\/p><p data-start=\"2839\" data-end=\"2933\">\u00a0<\/p><p data-start=\"2839\" data-end=\"2933\"><strong>7. Kullan\u0131m D\u00fczeni ve G\u00f6rsel Tutarl\u0131l\u0131k:<\/strong><br \/><br \/><\/p><p data-start=\"2986\" data-end=\"3103\">Logo ve kurumsal kimlik tasar\u0131m\u0131nda yaln\u0131zca g\u00f6rsel \u00fcretmiyor, bu yap\u0131n\u0131n nas\u0131l do\u011fru kullan\u0131laca\u011f\u0131n\u0131 da planl\u0131yoruz.<\/p><p data-start=\"3105\" data-end=\"3117\"><br \/>Bu kapsamda:<br \/><br \/><\/p><ul data-start=\"3119\" data-end=\"3281\"><li data-section-id=\"trv54x\" data-start=\"3119\" data-end=\"3146\">Logo kullan\u0131m oranlar\u0131n\u0131,<\/li><li data-section-id=\"2nwaqk\" data-start=\"3147\" data-end=\"3172\">Renk kullan\u0131m d\u00fczenini,<\/li><li data-section-id=\"140ywu0\" data-start=\"3173\" data-end=\"3209\">A\u00e7\u0131k ve koyu zemin uygulamalar\u0131n\u0131,<\/li><li data-section-id=\"mvqg6o\" data-start=\"3210\" data-end=\"3242\">Farkl\u0131 \u00f6l\u00e7\u00fclerdeki g\u00f6r\u00fcn\u00fcm\u00fcn\u00fc,<\/li><li data-section-id=\"ke9le5\" data-start=\"3243\" data-end=\"3281\">Dijital ve bas\u0131l\u0131 kullan\u0131m dengesini<\/li><\/ul><p data-start=\"3283\" data-end=\"3309\"><br \/>g\u00f6z \u00f6n\u00fcnde bulunduruyoruz.<\/p><p data-start=\"3311\" data-end=\"3404\"><br \/>B\u00f6ylece markan\u0131z\u0131n her alanda daha tutarl\u0131 ve g\u00fcven veren bir g\u00f6r\u00fcn\u00fcm sunmas\u0131n\u0131 hedefliyoruz.<\/p><p data-start=\"652\" data-end=\"760\"><br \/><br \/><strong>8. Teslim Formatlar\u0131 ve Dosya D\u00fczeni:<\/strong><br \/><br \/><\/p><p data-start=\"3454\" data-end=\"3565\">\u00c7al\u0131\u015fma tamamland\u0131\u011f\u0131nda, logonuzu ve gerekli kurumsal kimlik dosyalar\u0131n\u0131z\u0131 d\u00fczenli bir \u015fekilde teslim ediyoruz.<\/p><p data-start=\"3567\" data-end=\"3598\"><br \/>Teslim s\u00fcrecinde ihtiyaca g\u00f6re:<br \/><br \/><\/p><ul data-start=\"3600\" data-end=\"3634\"><li data-section-id=\"1o4oj5\" data-start=\"3600\" data-end=\"3605\">PNG,<\/li><li data-section-id=\"1o4osa\" data-start=\"3606\" data-end=\"3611\">PDF,<\/li><li data-section-id=\"1o4qui\" data-start=\"3612\" data-end=\"3617\">SVG,<\/li><li data-section-id=\"8uhf3d\" data-start=\"3618\" data-end=\"3628\">AI \/ EPS,<\/li><li data-section-id=\"1o49v9\" data-start=\"3629\" data-end=\"3634\">JPG<\/li><\/ul><p data-start=\"3636\" data-end=\"3672\"><br \/>gibi farkl\u0131 formatlar\u0131 haz\u0131rl\u0131yoruz.<\/p><p data-start=\"3674\" data-end=\"3808\"><br \/>Dosyalar\u0131, kullan\u0131m alanlar\u0131na g\u00f6re d\u00fczenli klas\u00f6r yap\u0131s\u0131yla payla\u015farak sizin ve ekibinizin rahat \u015fekilde kullanabilmesini sa\u011fl\u0131yoruz.<\/p><p data-start=\"3674\" data-end=\"3808\">\u00a0<\/p><p data-start=\"3674\" data-end=\"3808\">\u00a0<\/p><p data-start=\"3674\" data-end=\"3808\"><strong>9. Dijital Kullan\u0131m Deste\u011fi:<\/strong><br \/><br \/><\/p><p data-start=\"3849\" data-end=\"3923\">Logo ve kurumsal kimlik \u00e7al\u0131\u015fmalar\u0131n\u0131z\u0131 yaln\u0131zca teslim edip b\u0131rakm\u0131yoruz.<br \/><br \/><\/p><p data-start=\"3925\" data-end=\"3950\">\u0130htiya\u00e7 olmas\u0131 durumunda;<br \/><br \/><\/p><ul data-start=\"3952\" data-end=\"4114\"><li data-section-id=\"1a16y8e\" data-start=\"3952\" data-end=\"3977\">Web sitenizde kullan\u0131m,<\/li><li data-section-id=\"1hm2wjr\" data-start=\"3978\" data-end=\"4017\">Sosyal medya hesaplar\u0131n\u0131zda kullan\u0131m,<\/li><li data-section-id=\"x59c0p\" data-start=\"4018\" data-end=\"4062\">Profil ve kapak g\u00f6rsellerinin uyarlanmas\u0131,<\/li><li data-section-id=\"1kt9nzt\" data-start=\"4063\" data-end=\"4114\">Dijital ortamdaki genel g\u00f6r\u00fcn\u00fcm\u00fcn g\u00fc\u00e7lendirilmesi<\/li><\/ul><p data-start=\"4116\" data-end=\"4154\"><br \/>konular\u0131nda da y\u00f6nlendirme sa\u011fl\u0131yoruz.<\/p><p data-start=\"4156\" data-end=\"4282\"><br \/>Amac\u0131m\u0131z, \u00e7al\u0131\u015fma sonras\u0131nda markan\u0131z\u0131n dijital d\u00fcnyada daha b\u00fct\u00fcnl\u00fckl\u00fc, daha profesyonel ve daha g\u00fc\u00e7l\u00fc g\u00f6r\u00fcnmesini sa\u011flamakt\u0131r.<\/p><p data-start=\"652\" data-end=\"760\"><br \/><br \/><strong>10. S\u00fcre\u00e7 ve \u00d6deme:<\/strong><br \/><br \/><\/p><p data-start=\"4314\" data-end=\"4413\"><strong>Logo &amp; Kurumsal Kimlik Tasar\u0131m\u0131<\/strong>\u00a0\u00e7al\u0131\u015fmas\u0131n\u0131n s\u00fcresi, projenin kapsam\u0131na ba\u011fl\u0131 olarak de\u011fi\u015fmektedir.<\/p><p data-start=\"4415\" data-end=\"4480\"><br \/>\u00c7al\u0131\u015fma ba\u015flang\u0131c\u0131nda\u00a0<strong data-start=\"4437\" data-end=\"4462\">%50 oran\u0131nda \u00f6n \u00f6deme<\/strong> talep etmekteyiz.<\/p><p data-start=\"4482\" data-end=\"4582\"><br \/>Kalan \u00f6demeyi ise \u00e7al\u0131\u015fma tamamlan\u0131p tasar\u0131mlar taraf\u0131n\u0131za teslim edildikten sonra talep etmekteyiz.<\/p>\t\t\t\t\t\t\t\t<\/div>\n\t\t\t\t<div class=\"elementor-element elementor-element-bf22a27 elementor-widget__width-initial elementor-widget-laptop__width-initial jkit-equal-height-disable elementor-widget elementor-widget-jkit_icon_box\" data-id=\"bf22a27\" data-element_type=\"widget\" data-e-type=\"widget\" data-widget_type=\"jkit_icon_box.default\">\n\t\t\t\t\t<div  class=\"jeg-elementor-kit jkit-icon-box icon-position-top elementor-animation- jeg_module___69f9badfd2824\" ><div class=\"jkit-icon-box-wrapper hover-from-left\"><div class=\"icon-box icon-box-header elementor-animation-\"><div class=\"icon style-color\"><\/div><\/div><div class=\"icon-box icon-box-body\">\n                <p class=\"title\">PORTFOLYO KATALO\u011eUMUZ<\/p><p class=\"icon-box-description\">G\u00fcncel (Nisan 2026) Portfolyo Katalo\u011fumuz:<\/p><div class=\"icon-box-button \">\n                <div class=\"btn-wrapper icon-position-before\">\n                    <a href=\"https:\/\/webtasarim.studio\/portfolyo-nisan-2026\" class=\"icon-box-link\" target=\"_blank\" aria-label=\"\u0130NCELEY\u0130N\">\u0130NCELEY\u0130N<\/a>\n                <\/div>\n            <\/div>\n            <\/div>\n            \n            <\/div><\/div>\t\t\t\t<\/div>\n\t\t\t\t<div class=\"elementor-element elementor-element-d3f4d4c elementor-align-left elementor-mobile-align-center elementor-widget__width-initial elementor-tablet-align-left elementor-widget elementor-widget-button\" data-id=\"d3f4d4c\" data-element_type=\"widget\" data-e-type=\"widget\" data-widget_type=\"button.default\">\n\t\t\t\t\t\t\t\t\t\t<a class=\"elementor-button elementor-button-link elementor-size-sm\" href=\"https:\/\/webtasarim.studio\/\">\n\t\t\t\t\t\t<span class=\"elementor-button-content-wrapper\">\n\t\t\t\t\t\t<span class=\"elementor-button-icon\">\n\t\t\t\t<svg aria-hidden=\"true\" class=\"e-font-icon-svg e-fas-long-arrow-alt-left\" viewBox=\"0 0 448 512\" xmlns=\"http:\/\/www.w3.org\/2000\/svg\"><path d=\"M134.059 296H436c6.627 0 12-5.373 12-12v-56c0-6.627-5.373-12-12-12H134.059v-46.059c0-21.382-25.851-32.09-40.971-16.971L7.029 239.029c-9.373 9.373-9.373 24.569 0 33.941l86.059 86.059c15.119 15.119 40.971 4.411 40.971-16.971V296z\"><\/path><\/svg>\t\t\t<\/span>\n\t\t\t\t\t\t\t\t\t<span class=\"elementor-button-text\">ANA SAYFA<\/span>\n\t\t\t\t\t<\/span>\n\t\t\t\t\t<\/a>\n\t\t\t\t\t\t\t\t<\/div>\n\t\t\t\t<div class=\"elementor-element elementor-element-159e23e elementor-align-center elementor-widget__width-initial elementor-widget elementor-widget-button\" data-id=\"159e23e\" data-element_type=\"widget\" data-e-type=\"widget\" data-widget_type=\"button.default\">\n\t\t\t\t\t\t\t\t\t\t<a class=\"elementor-button elementor-button-link elementor-size-sm\" href=\"https:\/\/webtasarim.studio\/hizmetlerimiz\">\n\t\t\t\t\t\t<span class=\"elementor-button-content-wrapper\">\n\t\t\t\t\t\t<span class=\"elementor-button-icon\">\n\t\t\t\t<svg aria-hidden=\"true\" class=\"e-font-icon-svg e-fas-long-arrow-alt-right\" viewBox=\"0 0 448 512\" xmlns=\"http:\/\/www.w3.org\/2000\/svg\"><path d=\"M313.941 216H12c-6.627 0-12 5.373-12 12v56c0 6.627 5.373 12 12 12h301.941v46.059c0 21.382 25.851 32.09 40.971 16.971l86.059-86.059c9.373-9.373 9.373-24.569 0-33.941l-86.059-86.059c-15.119-15.119-40.971-4.411-40.971 16.971V216z\"><\/path><\/svg>\t\t\t<\/span>\n\t\t\t\t\t\t\t\t\t<span class=\"elementor-button-text\">H\u0130ZMETLER\u0130M\u0130Z<\/span>\n\t\t\t\t\t<\/span>\n\t\t\t\t\t<\/a>\n\t\t\t\t\t\t\t\t<\/div>\n\t\t\t\t<div class=\"elementor-element elementor-element-2db5ae5 elementor-align-right elementor-widget__width-initial elementor-mobile-align-center elementor-widget elementor-widget-button\" data-id=\"2db5ae5\" data-element_type=\"widget\" data-e-type=\"widget\" data-widget_type=\"button.default\">\n\t\t\t\t\t\t\t\t\t\t<a class=\"elementor-button elementor-button-link elementor-size-sm\" href=\"https:\/\/webtasarim.studio\/linkler\">\n\t\t\t\t\t\t<span class=\"elementor-button-content-wrapper\">\n\t\t\t\t\t\t<span class=\"elementor-button-icon\">\n\t\t\t\t<svg aria-hidden=\"true\" class=\"e-font-icon-svg e-fas-long-arrow-alt-right\" viewBox=\"0 0 448 512\" xmlns=\"http:\/\/www.w3.org\/2000\/svg\"><path d=\"M313.941 216H12c-6.627 0-12 5.373-12 12v56c0 6.627 5.373 12 12 12h301.941v46.059c0 21.382 25.851 32.09 40.971 16.971l86.059-86.059c9.373-9.373 9.373-24.569 0-33.941l-86.059-86.059c-15.119-15.119-40.971-4.411-40.971 16.971V216z\"><\/path><\/svg>\t\t\t<\/span>\n\t\t\t\t\t\t\t\t\t<span class=\"elementor-button-text\">L\u0130NKLER<\/span>\n\t\t\t\t\t<\/span>\n\t\t\t\t\t<\/a>\n\t\t\t\t\t\t\t\t<\/div>\n\t\t\t\t\t<\/div>\n\t\t<\/div>\n\t\t\t\t\t<\/div>\n\t\t<\/section>\n\t\t<div class=\"elementor-element elementor-element-63561f0 e-con-full e-flex e-con e-parent\" data-id=\"63561f0\" data-element_type=\"container\" data-e-type=\"container\">\n\t\t\t\t<div class=\"elementor-element elementor-element-8b275a4 elementor-widget-divider--view-line elementor-widget elementor-widget-divider\" data-id=\"8b275a4\" data-element_type=\"widget\" data-e-type=\"widget\" data-widget_type=\"divider.default\">\n\t\t\t\t\t\t\t<div class=\"elementor-divider\">\n\t\t\t<span class=\"elementor-divider-separator\">\n\t\t\t\t\t\t<\/span>\n\t\t<\/div>\n\t\t\t\t\t\t<\/div>\n\t\t\t\t<\/div>\n\t\t\t\t<\/div>\n\t\t","protected":false},"excerpt":{"rendered":"<p>LOGO &amp; KURUMSAL K\u0130ML\u0130K TASARIMI Logo &amp; Kurumsal Kimlik Tasar\u0131m\u0131\u00a0\u00e7al\u0131\u015fma s\u00fcrecimizi payla\u015f\u0131yoruz. 1. \u00d6n G\u00f6r\u00fc\u015fme ve Marka Tan\u0131ma: \u0130lk olarak markan\u0131z\u0131, faaliyet alan\u0131n\u0131z\u0131, hedef kitlenizi ve vermek istedi\u011finiz genel mesaj\u0131 anlamaya odaklan\u0131yoruz. Bu a\u015famada; Markan\u0131z\u0131n hangi alanda faaliyet g\u00f6sterdi\u011fini, Nas\u0131l bir izlenim b\u0131rakmak istedi\u011fini, Hangi kitleye hitap etti\u011fini, Sade, g\u00fc\u00e7l\u00fc, modern, kurumsal veya premium gibi [&hellip;]<\/p>\n","protected":false},"author":1,"featured_media":0,"parent":0,"menu_order":0,"comment_status":"closed","ping_status":"closed","template":"","meta":{"footnotes":""},"class_list":["post-335","page","type-page","status-publish","hentry"],"_links":{"self":[{"href":"https:\/\/webtasarim.studio\/index.php?rest_route=\/wp\/v2\/pages\/335","targetHints":{"allow":["GET"]}}],"collection":[{"href":"https:\/\/webtasarim.studio\/index.php?rest_route=\/wp\/v2\/pages"}],"about":[{"href":"https:\/\/webtasarim.studio\/index.php?rest_route=\/wp\/v2\/types\/page"}],"author":[{"embeddable":true,"href":"https:\/\/webtasarim.studio\/index.php?rest_route=\/wp\/v2\/users\/1"}],"replies":[{"embeddable":true,"href":"https:\/\/webtasarim.studio\/index.php?rest_route=%2Fwp%2Fv2%2Fcomments&post=335"}],"version-history":[{"count":0,"href":"https:\/\/webtasarim.studio\/index.php?rest_route=\/wp\/v2\/pages\/335\/revisions"}],"wp:attachment":[{"href":"https:\/\/webtasarim.studio\/index.php?rest_route=%2Fwp%2Fv2%2Fmedia&parent=335"}],"curies":[{"name":"wp","href":"https:\/\/api.w.org\/{rel}","templated":true}]}}